{"id":20,"date":"2024-11-18T19:46:28","date_gmt":"2024-11-18T19:46:28","guid":{"rendered":"https:\/\/seewave-lhzxrlyttz.live-website.com\/faq\/"},"modified":"2026-03-15T17:34:28","modified_gmt":"2026-03-15T16:34:28","slug":"faq","status":"publish","type":"page","link":"https:\/\/seewave.surf\/index.php\/faq\/","title":{"rendered":"FAQ"},"content":{"rendered":"\n<div class=\"wp-block-group alignfull has-background-background-color has-background\" style=\"margin-top:0;margin-bottom:0;padding-top:0;padding-bottom:0\"><div class=\"wp-block-group__inner-container is-layout-constrained wp-block-group-is-layout-constrained\">\n<div class=\"wp-block-group\" style=\"padding-top:var(--wp--preset--spacing--60);padding-right:var(--wp--preset--spacing--30);padding-bottom:var(--wp--preset--spacing--60);padding-left:var(--wp--preset--spacing--30)\"><div class=\"wp-block-group__inner-container is-layout-constrained wp-container-core-group-is-layout-6f516be5 wp-block-group-is-layout-constrained\">\n<h1 class=\"wp-block-heading has-text-align-center has-theme-palette-3-color has-text-color has-x-large-font-size\">R\u00e9ponses \u00e0 vos questions fr\u00e9quentes<\/h1>\n<\/div><\/div>\n<\/div><\/div>\n\n\n\n<div id=\"faq\" class=\"wp-block-group has-tertiary-background-color has-background\" style=\"margin-top:0;margin-bottom:0;padding-top:var(--wp--preset--spacing--60);padding-right:var(--wp--preset--spacing--30);padding-bottom:var(--wp--preset--spacing--60);padding-left:var(--wp--preset--spacing--30)\"><div class=\"wp-block-group__inner-container is-layout-constrained wp-container-core-group-is-layout-392eb801 wp-block-group-is-layout-constrained\">\n<div class=\"wp-block-group alignwide is-content-justification-center\" style=\"margin-bottom:var(--wp--preset--spacing--30)\"><div class=\"wp-block-group__inner-container is-layout-constrained wp-block-group-is-layout-constrained\">\n<h2 class=\"wp-block-heading has-text-align-center has-large-font-size\">Besoin d&rsquo;aide ?<\/h2>\n\n\n\n<p class=\"has-text-align-center\" style=\"margin-top:16px\">Vous avez des questions sur notre service ? Consultez notre section FAQ pour trouver des r\u00e9ponses aux questions les plus fr\u00e9quemment pos\u00e9es.<\/p>\n<\/div><\/div>\n\n\n\n<div class=\"wp-block-group\" style=\"border-bottom-color:var(--wp--preset--color--tertiary);border-bottom-width:1px;margin-top:0;padding-top:var(--wp--preset--spacing--30);padding-bottom:var(--wp--preset--spacing--30)\"><div class=\"wp-block-group__inner-container is-layout-constrained wp-block-group-is-layout-constrained\">\n<h4 class=\"wp-block-heading has-medium-font-size\">Puis-je synchroniser mes spots favoris entre mes diff\u00e9rents appareils ?<\/h4>\n\n\n\n<p class=\"has-small-font-size\" style=\"margin-top:12px\">Bien-s\u00fbr, \u00e0 l&rsquo;aide de la cr\u00e9ation du compte. SeeWave affichera tout vos spots favoris sur vos diff\u00e9rents appareils. <\/p>\n<\/div><\/div>\n\n\n\n<div class=\"wp-block-group\" style=\"border-bottom-color:var(--wp--preset--color--tertiary);border-bottom-width:1px;margin-top:0;padding-top:var(--wp--preset--spacing--30);padding-bottom:var(--wp--preset--spacing--30)\"><div class=\"wp-block-group__inner-container is-layout-constrained wp-block-group-is-layout-constrained\">\n<h4 class=\"wp-block-heading has-medium-font-size\">Comment \u00eatre notifi\u00e9 lorsque les conditions sont favorables ?<\/h4>\n\n\n\n<p class=\"has-small-font-size\" style=\"margin-top:12px\">Lorsque vous s\u00e9lectionnez un spot, il y a une cloche en haut \u00e0 droite de votre \u00e9cran pour activ\u00e9 les notifications de ce spot en choisissant tout vos param\u00e8tres. <\/p>\n<\/div><\/div>\n\n\n\n<div class=\"wp-block-group\" style=\"border-bottom-color:var(--wp--preset--color--tertiary);border-bottom-width:1px;margin-top:0;padding-top:var(--wp--preset--spacing--30);padding-bottom:var(--wp--preset--spacing--30)\"><div class=\"wp-block-group__inner-container is-layout-constrained wp-block-group-is-layout-constrained\">\n<h4 class=\"wp-block-heading has-medium-font-size\">\u00c0 quoi correspondent  les couleurs sur les donn\u00e9es d&rsquo;un spot ?<\/h4>\n\n\n\n<p class=\"has-small-font-size\" style=\"margin-top:12px\">Bleu = tr\u00e8s bien ; vert = bien ; orange = moyen ; rouge = d\u00e9conseiller<\/p>\n<\/div><\/div>\n<\/div><\/div>\n\n\n\n<p style=\"margin-top:16px\">D\u00e9couvrez notre application mobile r\u00e9volutionnaire, simplifiant votre anticipation pour aller prendre les vagues. Profitez de fonctionnalit\u00e9s innovantes et d&rsquo;une interface conviviale, d\u00e9velopp\u00e9es par nos soins. T\u00e9l\u00e9chargez d\u00e8s sa sortie, courant d\u00e9but 2026 !<\/p>\n\n\n\n<div style=\"height:50px\" aria-hidden=\"true\" class=\"wp-block-spacer\"><\/div>\n","protected":false},"excerpt":{"rendered":"<p>R\u00e9ponses \u00e0 vos questions fr\u00e9quentes Besoin d&rsquo;aide ? Vous avez des questions sur notre service ? Consultez notre section FAQ pour trouver des r\u00e9ponses aux questions les plus fr\u00e9quemment pos\u00e9es. Puis-je synchroniser mes spots favoris entre mes diff\u00e9rents appareils ? Bien-s\u00fbr, \u00e0 l&rsquo;aide de la cr\u00e9ation du compte. SeeWave affichera tout vos spots favoris sur&#8230;<\/p>\n","protected":false},"author":1,"featured_media":0,"parent":0,"menu_order":0,"comment_status":"closed","ping_status":"closed","template":"","meta":{"saved_in_kubio":true,"_kad_post_transparent":"","_kad_post_title":"","_kad_post_layout":"","_kad_post_sidebar_id":"","_kad_post_content_style":"","_kad_post_vertical_padding":"","_kad_post_feature":"","_kad_post_feature_position":"","_kad_post_header":false,"_kad_post_footer":false,"footnotes":""},"class_list":["post-20","page","type-page","status-publish","hentry"],"aioseo_notices":[],"kubio_ai_page_context":{"short_desc":"","purpose":"general"},"_links":{"self":[{"href":"https:\/\/seewave.surf\/index.php\/wp-json\/wp\/v2\/pages\/20","targetHints":{"allow":["GET"]}}],"collection":[{"href":"https:\/\/seewave.surf\/index.php\/wp-json\/wp\/v2\/pages"}],"about":[{"href":"https:\/\/seewave.surf\/index.php\/wp-json\/wp\/v2\/types\/page"}],"author":[{"embeddable":true,"href":"https:\/\/seewave.surf\/index.php\/wp-json\/wp\/v2\/users\/1"}],"replies":[{"embeddable":true,"href":"https:\/\/seewave.surf\/index.php\/wp-json\/wp\/v2\/comments?post=20"}],"version-history":[{"count":11,"href":"https:\/\/seewave.surf\/index.php\/wp-json\/wp\/v2\/pages\/20\/revisions"}],"predecessor-version":[{"id":3074,"href":"https:\/\/seewave.surf\/index.php\/wp-json\/wp\/v2\/pages\/20\/revisions\/3074"}],"wp:attachment":[{"href":"https:\/\/seewave.surf\/index.php\/wp-json\/wp\/v2\/media?parent=20"}],"curies":[{"name":"wp","href":"https:\/\/api.w.org\/{rel}","templated":true}]}}